{"id":34,"date":"2019-08-07T11:41:48","date_gmt":"2019-08-07T11:41:48","guid":{"rendered":"http:\/\/asturianista.es\/?page_id=34"},"modified":"2026-03-10T10:09:28","modified_gmt":"2026-03-10T10:09:28","slug":"miembros","status":"publish","type":"page","link":"https:\/\/asturianista.es\/index.php\/miembros\/","title":{"rendered":"Miembros"},"content":{"rendered":"<p>[et_pb_section fb_built=\u00bb1&#8243; _builder_version=\u00bb4.16&#8243; global_colors_info=\u00bb{}\u00bb][et_pb_row _builder_version=\u00bb4.16&#8243; global_colors_info=\u00bb{}\u00bb][et_pb_column type=\u00bb4_4&#8243; _builder_version=\u00bb4.16&#8243; global_colors_info=\u00bb{}\u00bb][et_pb_text _builder_version=\u00bb4.16&#8243; text_line_height=\u00bb2em\u00bb header_3_line_height=\u00bb2em\u00bb header_4_line_height=\u00bb2em\u00bb global_colors_info=\u00bb{}\u00bb]<\/p>\n<h3>EXECUTIVA NACIONAL<\/h3>\n<h4>Presidente: Don Xuan Xos\u00e9 S\u00e1nchez Vicente<br \/>Secretariu Xeneral y de Finances: Xes\u00fas Ca\u00f1edo Valle<br \/>Secretariu d\u2019Organizaci\u00f3n: Jos\u00e9 Antonio Fern\u00e1ndez Alonso<br \/>Secretari\u00e1u d\u2019Educaci\u00f3n y Muyer: Mar\u00eda Jes\u00fas Su\u00e1rez de la Villa<br \/>Secretari\u00e1u de Comunicaci\u00f3n: Ver\u00f3nica Trabanco Mart\u00ednez<br \/>Secretari\u00e1u de Relaciones Sindicales: Xos\u00e9 Avelino Devesa Casta\u00f1o<br \/>Secretari\u00e1u de Xeres Municipales: Santiago D\u00edaz Gonz\u00e1lez<br \/>Secretari\u00e1u de Xeres Tecnol\u00f3xiques: Lluis \u00c1nxel N\u00fa\u00f1ez Enr\u00edquez<br \/>Secretari\u00e1u de Xeres Culturales: Lluis Ant\u00f3n Gonz\u00e1lez Fern\u00e1ndez<br \/>Secretari\u00e1u de Xeres Deportives: Lluis Fano Garc\u00eda<br \/>Secretari\u00e1u de Xeres Rurales: Elena Victoria Marta Fern\u00e1ndez Poch<br \/>Secretari\u00e1u de Xeres Internacionales: Ra\u00fal Armando Fern\u00e1ndez Garrido<br \/>Secretari\u00e1u de Xeres Empresariales: Alfonso Viejo Riera<br \/>Secretari\u00e1u d\u2019Imaxen y Relaciones Institucionales: Sixto Cortina Cortina<br \/>Secretari\u00e1u de Xeres Identitaries: Ana Mar\u00eda Recio Mu\u00f1iz<\/h4>\n<h3>TRIBUNAL DEL PART\u00cdU<\/h3>\n<h4>Mar\u00eda Antonia Ant\u00f3n Fern\u00e1ndez<br \/>Ra\u00fal Armando Fern\u00e1ndez Garrido<br \/>Llarina S\u00e1nchez Fern\u00e1ndez<\/h4>\n<p>[\/et_pb_text][\/et_pb_column][\/et_pb_row][\/et_pb_section]<\/p>\n","protected":false},"excerpt":{"rendered":"<p>EXECUTIVA NACIONAL Presidente: Don Xuan Xos\u00e9 S\u00e1nchez VicenteSecretariu Xeneral y de Finances: Xes\u00fas Ca\u00f1edo ValleSecretariu d\u2019Organizaci\u00f3n: Jos\u00e9 Antonio Fern\u00e1ndez AlonsoSecretari\u00e1u d\u2019Educaci\u00f3n y Muyer: Mar\u00eda Jes\u00fas Su\u00e1rez de la VillaSecretari\u00e1u de Comunicaci\u00f3n: Ver\u00f3nica Trabanco Mart\u00ednezSecretari\u00e1u de Relaciones Sindicales: Xos\u00e9 Avelino Devesa Casta\u00f1oSecretari\u00e1u de Xeres Municipales: Santiago D\u00edaz Gonz\u00e1lezSecretari\u00e1u de Xeres Tecnol\u00f3xiques: Lluis \u00c1nxel N\u00fa\u00f1ez Enr\u00edquezSecretari\u00e1u de [&hellip;]<\/p>\n","protected":false},"author":1,"featured_media":0,"parent":0,"menu_order":0,"comment_status":"closed","ping_status":"closed","template":"","meta":{"_et_pb_use_builder":"on","_et_pb_old_content":"<!-- wp:divi\/placeholder \/-->","_et_gb_content_width":""},"_links":{"self":[{"href":"https:\/\/asturianista.es\/index.php\/wp-json\/wp\/v2\/pages\/34"}],"collection":[{"href":"https:\/\/asturianista.es\/index.php\/wp-json\/wp\/v2\/pages"}],"about":[{"href":"https:\/\/asturianista.es\/index.php\/wp-json\/wp\/v2\/types\/page"}],"author":[{"embeddable":true,"href":"https:\/\/asturianista.es\/index.php\/wp-json\/wp\/v2\/users\/1"}],"replies":[{"embeddable":true,"href":"https:\/\/asturianista.es\/index.php\/wp-json\/wp\/v2\/comments?post=34"}],"version-history":[{"count":4,"href":"https:\/\/asturianista.es\/index.php\/wp-json\/wp\/v2\/pages\/34\/revisions"}],"predecessor-version":[{"id":657,"href":"https:\/\/asturianista.es\/index.php\/wp-json\/wp\/v2\/pages\/34\/revisions\/657"}],"wp:attachment":[{"href":"https:\/\/asturianista.es\/index.php\/wp-json\/wp\/v2\/media?parent=34"}],"curies":[{"name":"wp","href":"https:\/\/api.w.org\/{rel}","templated":true}]}}