{"id":15,"date":"2019-08-07T11:24:43","date_gmt":"2019-08-07T11:24:43","guid":{"rendered":"http:\/\/asturianista.es\/?page_id=15"},"modified":"2021-05-27T12:10:43","modified_gmt":"2021-05-27T12:10:43","slug":"inicio","status":"publish","type":"page","link":"https:\/\/asturianista.es\/","title":{"rendered":"Inicio"},"content":{"rendered":"<p>[et_pb_section fb_built=\u00bb1&#8243; make_equal=\u00bbon\u00bb use_custom_gutter=\u00bbon\u00bb gutter_width=\u00bb1&#8243; specialty=\u00bbon\u00bb next_background_color=\u00bb#345168&#8243; bg_img_1=\u00bbhttp:\/\/asturianista.es\/wp-content\/uploads\/2019\/08\/logo-PAS.png\u00bb background_size_1=\u00bbcontain\u00bb admin_label=\u00bbHero\u00bb _builder_version=\u00bb3.26.6&#8243; inner_width=\u00bb100%\u00bb inner_max_width=\u00bb100%\u00bb custom_padding=\u00bb0px||0px||false\u00bb bottom_divider_style=\u00bbslant\u00bb bottom_divider_flip=\u00bbhorizontal\u00bb bottom_divider_arrangement=\u00bbabove_content\u00bb use_custom_width=\u00bbon\u00bb width_unit=\u00bboff\u00bb custom_width_percent=\u00bb100%\u00bb][et_pb_column type=\u00bb1_2&#8243; _builder_version=\u00bb3.25&#8243; custom_padding=\u00bb|||\u00bb custom_padding__hover=\u00bb|||\u00bb][et_pb_divider show_divider=\u00bboff\u00bb _builder_version=\u00bb3.6&#8243; height=\u00bb300px\u00bb][\/et_pb_divider][\/et_pb_column][et_pb_column type=\u00bb1_2&#8243; specialty_columns=\u00bb2&#8243; _builder_version=\u00bb3.25&#8243; custom_padding=\u00bb|||\u00bb custom_padding__hover=\u00bb|||\u00bb][et_pb_row_inner admin_label=\u00bbText\u00bb _builder_version=\u00bb3.25&#8243; custom_padding=\u00bb|6%||6%||true\u00bb][et_pb_column_inner saved_specialty_column_type=\u00bb1_2&#8243; _builder_version=\u00bb3.25&#8243; custom_padding=\u00bb|||\u00bb custom_padding__hover=\u00bb|||\u00bb][et_pb_text admin_label=\u00bbTitle\u00bb _builder_version=\u00bb3.27.4&#8243; text_font=\u00bb|900|||||||\u00bb header_font=\u00bb||||||||\u00bb header_2_font=\u00bbLato|900||on|||||\u00bb header_2_text_color=\u00bb#aeb8b8&#8243; header_2_letter_spacing=\u00bb4px\u00bb header_2_line_height=\u00bb1.2em\u00bb header_6_font=\u00bbLato|700|||||||\u00bb header_6_text_color=\u00bb#737a7a\u00bb header_6_font_size=\u00bb18px\u00bb header_6_letter_spacing=\u00bb1px\u00bb header_6_line_height=\u00bb1.8em\u00bb max_width=\u00bb600px\u00bb module_alignment=\u00bbleft\u00bb custom_margin=\u00bb30px||30px||true|false\u00bb custom_padding=\u00bb|||\u00bb custom_padding_tablet=\u00bb|0vw||0vw||true\u00bb custom_padding_phone=\u00bb|||||false\u00bb custom_padding_last_edited=\u00bboff|desktop\u00bb animation_style=\u00bbslide\u00bb animation_direction=\u00bbbottom\u00bb animation_intensity_slide=\u00bb5%\u00bb locked=\u00bboff\u00bb]<\/p>\n<h2>partiu asturianista<\/h2>\n<p>[\/et_pb_text][et_pb_button button_url=\u00bbhttp:\/\/asturianista.es\/index.php\/contacto\/\u00bb button_text=\u00bbContacto\u00bb _builder_version=\u00bb3.26.6&#8243; custom_button=\u00bbon\u00bb button_text_size=\u00bb14px\u00bb button_text_color=\u00bb#ffffff\u00bb button_bg_color=\u00bb#0c71c3&#8243; button_border_width=\u00bb12px\u00bb button_border_color=\u00bb#0c71c3&#8243; button_border_radius=\u00bb50px\u00bb button_letter_spacing=\u00bb2px\u00bb button_font=\u00bbLato|900||on|||||\u00bb button_icon=\u00bb%%3%%\u00bb custom_margin=\u00bb|||\u00bb custom_margin_tablet=\u00bb|0vw||0vw||true\u00bb custom_margin_last_edited=\u00bboff|desktop\u00bb custom_padding=\u00bb|||\u00bb button_text_size__hover_enabled=\u00bboff\u00bb button_one_text_size__hover_enabled=\u00bboff\u00bb button_two_text_size__hover_enabled=\u00bboff\u00bb button_text_color__hover_enabled=\u00bboff\u00bb button_one_text_color__hover_enabled=\u00bboff\u00bb button_two_text_color__hover_enabled=\u00bboff\u00bb button_border_width__hover_enabled=\u00bboff\u00bb button_one_border_width__hover_enabled=\u00bboff\u00bb button_two_border_width__hover_enabled=\u00bboff\u00bb button_border_color__hover_enabled=\u00bboff\u00bb button_one_border_color__hover_enabled=\u00bboff\u00bb button_two_border_color__hover_enabled=\u00bboff\u00bb button_border_radius__hover_enabled=\u00bboff\u00bb button_one_border_radius__hover_enabled=\u00bboff\u00bb button_two_border_radius__hover_enabled=\u00bboff\u00bb button_letter_spacing__hover_enabled=\u00bboff\u00bb button_one_letter_spacing__hover_enabled=\u00bboff\u00bb button_two_letter_spacing__hover_enabled=\u00bboff\u00bb button_bg_color__hover_enabled=\u00bboff\u00bb button_one_bg_color__hover_enabled=\u00bboff\u00bb button_two_bg_color__hover_enabled=\u00bboff\u00bb][\/et_pb_button][\/et_pb_column_inner][\/et_pb_row_inner][et_pb_row_inner make_equal=\u00bbon\u00bb padding_left_right_link_1=\u00bbtrue\u00bb padding_left_right_link_2=\u00bbtrue\u00bb admin_label=\u00bbText\u00bb _builder_version=\u00bb3.25&#8243; custom_padding=\u00bb0px||0px||true\u00bb][et_pb_column_inner saved_specialty_column_type=\u00bb1_2&#8243; _builder_version=\u00bb3.25&#8243; background_color=\u00bb#becedb\u00bb custom_padding=\u00bb50px|6%|150px|6%\u00bb custom_padding_tablet=\u00bb\u00bb custom_padding_phone=\u00bb50px||50px||true\u00bb custom_padding_last_edited=\u00bbon|phone\u00bb custom_padding__hover=\u00bb|||\u00bb][et_pb_cta title=\u00bbPRONTUARIU ASTURIANISTA\u00bb button_url=\u00bbhttp:\/\/asturianista.es\/wp-content\/uploads\/2019\/08\/PRONTUARIU-ASTURIANISTA.pdf\u00bb button_text=\u00bbDescarga\u00bb _builder_version=\u00bb3.26.6&#8243; header_level=\u00bbh3&#8243; header_font=\u00bbLato|700|||||||\u00bb header_line_height=\u00bb1.5em\u00bb body_font=\u00bbLato||||||||\u00bb body_font_size=\u00bb18px\u00bb body_line_height=\u00bb1.8em\u00bb use_background_color=\u00bboff\u00bb custom_button=\u00bbon\u00bb button_text_size=\u00bb17px\u00bb button_text_color=\u00bb#455860&#8243; button_bg_color=\u00bbrgba(255,255,255,0.4)\u00bb button_border_width=\u00bb0px\u00bb button_border_radius=\u00bb100px\u00bb button_letter_spacing=\u00bb1px\u00bb button_font=\u00bbLato|700|||||||\u00bb button_icon=\u00bb%%3%%\u00bb text_orientation=\u00bbleft\u00bb background_layout=\u00bblight\u00bb custom_padding_tablet=\u00bb|30px||30px||true\u00bb custom_padding_last_edited=\u00bboff|desktop\u00bb animation_style=\u00bbslide\u00bb animation_direction=\u00bbbottom\u00bb animation_delay=\u00bb100ms\u00bb animation_intensity_slide=\u00bb5%\u00bb button_letter_spacing_hover=\u00bb1px\u00bb button_text_size__hover_enabled=\u00bboff\u00bb button_one_text_size__hover_enabled=\u00bboff\u00bb button_two_text_size__hover_enabled=\u00bboff\u00bb button_text_color__hover_enabled=\u00bboff\u00bb button_one_text_color__hover_enabled=\u00bboff\u00bb button_two_text_color__hover_enabled=\u00bboff\u00bb button_border_width__hover_enabled=\u00bboff\u00bb button_one_border_width__hover_enabled=\u00bboff\u00bb button_two_border_width__hover_enabled=\u00bboff\u00bb button_border_color__hover_enabled=\u00bboff\u00bb button_one_border_color__hover_enabled=\u00bboff\u00bb button_two_border_color__hover_enabled=\u00bboff\u00bb button_border_radius__hover_enabled=\u00bboff\u00bb button_one_border_radius__hover_enabled=\u00bboff\u00bb button_two_border_radius__hover_enabled=\u00bboff\u00bb button_letter_spacing__hover_enabled=\u00bbon\u00bb button_letter_spacing__hover=\u00bb1px\u00bb button_one_letter_spacing__hover_enabled=\u00bboff\u00bb button_two_letter_spacing__hover_enabled=\u00bboff\u00bb button_bg_color__hover_enabled=\u00bboff\u00bb button_one_bg_color__hover_enabled=\u00bboff\u00bb button_two_bg_color__hover_enabled=\u00bboff\u00bb]<\/p>\n<p class=\"MsoNormal\">Una vista r\u00e1pida de lo que ye Asturies, la so cultura y historia, y de lo que ye l\u2019asturianismu.<\/p>\n<p>[\/et_pb_cta][\/et_pb_column_inner][\/et_pb_row_inner][\/et_pb_column][\/et_pb_section][et_pb_section fb_built=\u00bb1&#8243; next_background_color=\u00bb#ffffff\u00bb admin_label=\u00bbFeature\u00bb _builder_version=\u00bb3.26.6&#8243; background_color=\u00bb#345168&#8243; use_background_color_gradient=\u00bbon\u00bb background_color_gradient_start=\u00bb#345168&#8243; background_color_gradient_end=\u00bbrgba(219,219,219,0)\u00bb background_color_gradient_start_position=\u00bb5%\u00bb background_color_gradient_overlays_image=\u00bbon\u00bb background_image=\u00bbhttp:\/\/asturianista.es\/wp-content\/uploads\/2019\/08\/life-coach-20.jpg\u00bb custom_padding=\u00bb5%||4.5%||false|false\u00bb bottom_divider_style=\u00bbslant\u00bb bottom_divider_flip=\u00bbhorizontal\u00bb][et_pb_row column_structure=\u00bb1_2,1_2&#8243; _builder_version=\u00bb3.25&#8243; max_width=\u00bb1280px\u00bb animation_direction=\u00bbbottom\u00bb use_custom_width=\u00bbon\u00bb custom_width_px=\u00bb1280px\u00bb][et_pb_column type=\u00bb1_2&#8243; _builder_version=\u00bb3.25&#8243; custom_padding=\u00bb|||\u00bb custom_padding__hover=\u00bb|||\u00bb][et_pb_text admin_label=\u00bbText\u00bb _builder_version=\u00bb3.27.4&#8243; text_font=\u00bbLato||||||||\u00bb text_font_size=\u00bb18px\u00bb text_line_height=\u00bb1.8em\u00bb link_font=\u00bb||||||||\u00bb ul_font=\u00bb||||||||\u00bb ol_font=\u00bb||||||||\u00bb quote_font=\u00bb||||||||\u00bb header_font=\u00bb||||||||\u00bb header_2_font=\u00bbLato|700|||||||\u00bb header_2_font_size=\u00bb40px\u00bb header_2_letter_spacing=\u00bb2px\u00bb header_2_line_height=\u00bb1.5em\u00bb header_3_font=\u00bb||||||||\u00bb header_4_font=\u00bb||||||||\u00bb header_5_font=\u00bb||||||||\u00bb header_6_font=\u00bbLato|700|||||||\u00bb header_6_font_size=\u00bb18px\u00bb header_6_letter_spacing=\u00bb1px\u00bb header_6_line_height=\u00bb1.8em\u00bb background_layout=\u00bbdark\u00bb animation_style=\u00bbslide\u00bb animation_direction=\u00bbbottom\u00bb animation_intensity_slide=\u00bb5%\u00bb header_2_font_size_tablet=\u00bb\u00bb header_2_font_size_phone=\u00bb22px\u00bb header_2_font_size_last_edited=\u00bbon|phone\u00bb]<\/p>\n<h2>PRINCIPIOS Y OXETIVOS<\/h2>\n<p>El Part\u00edu Asturianista ye un part\u00edu\u00a0 democr\u00e1ticu, asturianista, interclasista y de progresu, que tien como oxetivos el caltenimientu din\u00e1micu de la identid\u00e1 d&#8217;Asturies;<\/p>\n<p>Tou ello, mediante l&#8217;usu democr\u00e1ticu de los medios d&#8217;acci\u00f3n<br \/> pol\u00edtica consagraos na Constituci\u00f3n Espa\u00f1ola, agabitando la llibre formaci\u00f3n d&#8217;un est\u00e1u d&#8217;opini\u00f3n favoratible a<br \/> los postulaos del Part\u00edu Asturianista, y gobernando dende les instituciones democr\u00e1tiques d&#8217;alcuerdu con<br \/> ellos.<\/p>\n<p>[\/et_pb_text][\/et_pb_column][et_pb_column type=\u00bb1_2&#8243; _builder_version=\u00bb3.25&#8243; custom_padding=\u00bb10%|||\u00bb custom_padding__hover=\u00bb|||\u00bb][et_pb_blurb title=\u00bbl&#8217;espoxigue material de los asturianos;\u00bb use_icon=\u00bbon\u00bb font_icon=\u00bb%%202%%\u00bb icon_color=\u00bb#ffffff\u00bb icon_placement=\u00bbleft\u00bb content_max_width=\u00bb1100px\u00bb use_icon_font_size=\u00bbon\u00bb icon_font_size=\u00bb22px\u00bb _builder_version=\u00bb3.26.6&#8243; header_font=\u00bbLato||||||||\u00bb header_font_size=\u00bb16px\u00bb header_line_height=\u00bb1.4em\u00bb background_layout=\u00bbdark\u00bb custom_margin=\u00bb||0px|\u00bb animation_style=\u00bbslide\u00bb animation_direction=\u00bbbottom\u00bb animation_intensity_slide=\u00bb5%\u00bb][\/et_pb_blurb][et_pb_blurb title=\u00bbl&#8217;algame de los bienes culturales apropiaos pal afitamientu d&#8217;una socied\u00e1 llibre y una opini\u00f3n p\u00fablica non remanada;\u00bb use_icon=\u00bbon\u00bb font_icon=\u00bb%%202%%\u00bb icon_color=\u00bb#ffffff\u00bb icon_placement=\u00bbleft\u00bb content_max_width=\u00bb1100px\u00bb use_icon_font_size=\u00bbon\u00bb icon_font_size=\u00bb22px\u00bb _builder_version=\u00bb3.26.6&#8243; header_font=\u00bbLato||||||||\u00bb header_font_size=\u00bb16px\u00bb header_line_height=\u00bb1.4em\u00bb background_layout=\u00bbdark\u00bb custom_margin=\u00bb||0px|\u00bb animation_style=\u00bbslide\u00bb animation_direction=\u00bbbottom\u00bb animation_intensity_slide=\u00bb5%\u00bb][\/et_pb_blurb][et_pb_blurb title=\u00bbl&#8217;afalamientu la creaci\u00f3n art\u00edstica y el so espardimientu;\u00bb use_icon=\u00bbon\u00bb font_icon=\u00bb%%202%%\u00bb icon_color=\u00bb#ffffff\u00bb icon_placement=\u00bbleft\u00bb content_max_width=\u00bb1100px\u00bb use_icon_font_size=\u00bbon\u00bb icon_font_size=\u00bb22px\u00bb _builder_version=\u00bb3.26.6&#8243; header_font=\u00bbLato||||||||\u00bb header_font_size=\u00bb16px\u00bb header_line_height=\u00bb1.4em\u00bb background_layout=\u00bbdark\u00bb custom_margin=\u00bb||0px|\u00bb animation_style=\u00bbslide\u00bb animation_direction=\u00bbbottom\u00bb animation_intensity_slide=\u00bb5%\u00bb][\/et_pb_blurb][et_pb_blurb title=\u00bbl&#8217;ameyoramientu la calid\u00e1 de vida, faciendo compatibles l&#8217;esporpolle econ\u00f3micu col respetu al entornu mediuambiental;\u00bb use_icon=\u00bbon\u00bb font_icon=\u00bb%%202%%\u00bb icon_color=\u00bb#ffffff\u00bb icon_placement=\u00bbleft\u00bb content_max_width=\u00bb1100px\u00bb use_icon_font_size=\u00bbon\u00bb icon_font_size=\u00bb22px\u00bb _builder_version=\u00bb3.26.6&#8243; header_font=\u00bbLato||||||||\u00bb header_font_size=\u00bb16px\u00bb header_line_height=\u00bb1.4em\u00bb background_layout=\u00bbdark\u00bb custom_margin=\u00bb||0px|\u00bb animation_style=\u00bbslide\u00bb animation_direction=\u00bbbottom\u00bb animation_intensity_slide=\u00bb5%\u00bb][\/et_pb_blurb][et_pb_blurb title=\u00bbla protecci\u00f3n de los sectores sociales menos favorec\u00edos;\u00bb use_icon=\u00bbon\u00bb font_icon=\u00bb%%202%%\u00bb icon_color=\u00bb#ffffff\u00bb icon_placement=\u00bbleft\u00bb content_max_width=\u00bb1100px\u00bb use_icon_font_size=\u00bbon\u00bb icon_font_size=\u00bb22px\u00bb _builder_version=\u00bb3.26.6&#8243; header_font=\u00bbLato||||||||\u00bb header_font_size=\u00bb16px\u00bb header_line_height=\u00bb1.4em\u00bb background_layout=\u00bbdark\u00bb custom_margin=\u00bb||0px|\u00bb animation_style=\u00bbslide\u00bb animation_direction=\u00bbbottom\u00bb animation_intensity_slide=\u00bb5%\u00bb][\/et_pb_blurb][et_pb_blurb title=\u00bbfacer posible&#8217;l desendolque vital del individuu hasta la llende les sos capacidaes;\u00bb use_icon=\u00bbon\u00bb font_icon=\u00bb%%202%%\u00bb icon_color=\u00bb#ffffff\u00bb icon_placement=\u00bbleft\u00bb content_max_width=\u00bb1100px\u00bb use_icon_font_size=\u00bbon\u00bb icon_font_size=\u00bb22px\u00bb _builder_version=\u00bb3.26.6&#8243; header_font=\u00bbLato||||||||\u00bb header_font_size=\u00bb16px\u00bb header_line_height=\u00bb1.4em\u00bb background_layout=\u00bbdark\u00bb custom_margin=\u00bb||0px|\u00bb animation_style=\u00bbslide\u00bb animation_direction=\u00bbbottom\u00bb animation_intensity_slide=\u00bb5%\u00bb][\/et_pb_blurb][et_pb_blurb title=\u00bbprocurar la iguald\u00e1 d&#8217;oportunidaes nel accesu al trabayu;\u00bb use_icon=\u00bbon\u00bb font_icon=\u00bb%%202%%\u00bb icon_color=\u00bb#ffffff\u00bb icon_placement=\u00bbleft\u00bb content_max_width=\u00bb1100px\u00bb use_icon_font_size=\u00bbon\u00bb icon_font_size=\u00bb22px\u00bb _builder_version=\u00bb3.26.6&#8243; header_font=\u00bbLato||||||||\u00bb header_font_size=\u00bb16px\u00bb header_line_height=\u00bb1.4em\u00bb background_layout=\u00bbdark\u00bb custom_margin=\u00bb||0px|\u00bb animation_style=\u00bbslide\u00bb animation_direction=\u00bbbottom\u00bb animation_intensity_slide=\u00bb5%\u00bb][\/et_pb_blurb][et_pb_blurb title=\u00bbsofitar les iniciatives creadores, tantu tecnol\u00f3xiques como industriales o comerciales.\u00bb use_icon=\u00bbon\u00bb font_icon=\u00bb%%202%%\u00bb icon_color=\u00bb#ffffff\u00bb icon_placement=\u00bbleft\u00bb content_max_width=\u00bb1100px\u00bb use_icon_font_size=\u00bbon\u00bb icon_font_size=\u00bb22px\u00bb _builder_version=\u00bb3.26.6&#8243; header_font=\u00bbLato||||||||\u00bb header_font_size=\u00bb16px\u00bb header_line_height=\u00bb1.4em\u00bb background_layout=\u00bbdark\u00bb custom_margin=\u00bb||0px|\u00bb animation_style=\u00bbslide\u00bb animation_direction=\u00bbbottom\u00bb animation_intensity_slide=\u00bb5%\u00bb][\/et_pb_blurb][\/et_pb_column][\/et_pb_row][\/et_pb_section][et_pb_section fb_built=\u00bb1&#8243; admin_label=\u00bbAbout\u00bb _builder_version=\u00bb3.22&#8243; custom_padding=\u00bb28px|0px|28px|0px|true|false\u00bb][et_pb_row column_structure=\u00bb1_2,1_2&#8243; _builder_version=\u00bb3.25&#8243; use_custom_width=\u00bbon\u00bb locked=\u00bboff\u00bb][et_pb_column type=\u00bb1_2&#8243; _builder_version=\u00bb3.25&#8243; custom_padding=\u00bb|||\u00bb custom_padding__hover=\u00bb|||\u00bb][et_pb_image src=\u00bbhttp:\/\/asturianista.es\/wp-content\/uploads\/2019\/08\/Cubierta-PAS.png\u00bb _builder_version=\u00bb3.26.6&#8243;][\/et_pb_image][\/et_pb_column][et_pb_column type=\u00bb1_2&#8243; _builder_version=\u00bb3.25&#8243; custom_padding=\u00bb|||\u00bb custom_padding__hover=\u00bb|||\u00bb][et_pb_text _builder_version=\u00bb3.27.4&#8243;]<\/p>\n<p>A tolos que dalg\u00fan d\u00eda punxeren l\u2019enfotu nel PAS, votantes y militantes, y compartieren con n\u00f3s esta aventura, tan enllena d\u2019amor a Asturies y aciertos como escasa de fortuna. A toos, particularmente a los que siguen nella.<\/p>\n<p>Y, especialmente, a los que llevaren y\u00e1 les inxuries del tiempu y de la vida, llegaos con n\u00f3s hasta\u2019l final del so cam\u00edn o non: Manuel M\u00e9ndez M\u00e9ndez, \u00abEl Capit\u00e1n\u00bb, Mario San Mart\u00edn Fern\u00e1ndez, Ferm\u00edn Rodr\u00edguez Ur\u00eda, Pilar Vicente Montes, Esteban Intriago de Diego, Xuan Pertierra Argiz, Ismael Caldevilla Vega, \u00c1ngel \u00c1lvarez Gonz\u00e1lez, \u00abCl\u00edper\u00bb, Raimundo Collada Garc\u00eda, Aquilino Fern\u00e1ndez Ab\u00falez, Francisco Fern\u00e1ndez Coviella, Jos\u00e9 Antonio de la Huerta.<\/p>\n<p>[\/et_pb_text][et_pb_button button_url=\u00bbhttp:\/\/asturianista.es\/wp-content\/uploads\/2019\/08\/Interior-libro-PAS-imprenta.pdf\u00bb button_text=\u00bbDescarga\u00bb _builder_version=\u00bb3.26.6&#8243; custom_button=\u00bbon\u00bb button_text_color=\u00bb#0c71c3&#8243;][\/et_pb_button][\/et_pb_column][\/et_pb_row][et_pb_row _builder_version=\u00bb3.27.4&#8243; custom_padding=\u00bb||2px|||\u00bb][et_pb_column type=\u00bb4_4&#8243; _builder_version=\u00bb3.27.4&#8243;][et_pb_text _builder_version=\u00bb3.27.4&#8243;]<\/p>\n<h1>GALER\u00cdA<\/h1>\n<p>[\/et_pb_text][\/et_pb_column][\/et_pb_row][\/et_pb_section][et_pb_section fb_built=\u00bb1&#8243; _builder_version=\u00bb3.27.4&#8243; custom_padding=\u00bb50px|||||\u00bb][et_pb_row column_structure=\u00bb1_2,1_2&#8243; _builder_version=\u00bb3.27.4&#8243; custom_margin=\u00bb-64px|auto||auto||\u00bb][et_pb_column type=\u00bb1_2&#8243; _builder_version=\u00bb3.27.4&#8243;][et_pb_gallery gallery_ids=\u00bb162,163,164,167,168,169,170,172,173,175,176,174&#8243; fullwidth=\u00bbon\u00bb _builder_version=\u00bb3.27.4&#8243; animation_style=\u00bbfade\u00bb auto=\u00bbon\u00bb auto_speed=\u00bb3000&#8243; box_shadow_style=\u00bbpreset1&#8243;][\/et_pb_gallery][\/et_pb_column][et_pb_column type=\u00bb1_2&#8243; _builder_version=\u00bb3.27.4&#8243;][et_pb_gallery gallery_ids=\u00bb175,166,165,161,159&#8243; fullwidth=\u00bbon\u00bb _builder_version=\u00bb3.27.4&#8243; animation_style=\u00bbfade\u00bb auto=\u00bbon\u00bb auto_speed=\u00bb3000&#8243; box_shadow_style=\u00bbpreset1&#8243;][\/et_pb_gallery][\/et_pb_column][\/et_pb_row][\/et_pb_section][et_pb_section fb_built=\u00bb1&#8243; _builder_version=\u00bb3.27.4&#8243;][et_pb_row _builder_version=\u00bb3.27.4&#8243;][et_pb_column type=\u00bb4_4&#8243; _builder_version=\u00bb3.27.4&#8243;][et_pb_blog fullwidth=\u00bboff\u00bb include_categories=\u00bball\u00bb _builder_version=\u00bb4.9.4&#8243; hover_enabled=\u00bb0&#8243; show_categories=\u00bboff\u00bb sticky_enabled=\u00bb0&#8243;][\/et_pb_blog][\/et_pb_column][\/et_pb_row][\/et_pb_section]<\/p>\n","protected":false},"excerpt":{"rendered":"<p>partiu asturianistaUna vista r\u00e1pida de lo que ye Asturies, la so cultura y historia, y de lo que ye l\u2019asturianismu.PRINCIPIOS Y OXETIVOS El Part\u00edu Asturianista ye un part\u00edu\u00a0 democr\u00e1ticu, asturianista, interclasista y de progresu, que tien como oxetivos el caltenimientu din\u00e1micu de la identid\u00e1 d&#8217;Asturies; Tou ello, mediante l&#8217;usu democr\u00e1ticu de los medios d&#8217;acci\u00f3n pol\u00edtica [&hellip;]<\/p>\n","protected":false},"author":1,"featured_media":0,"parent":0,"menu_order":0,"comment_status":"closed","ping_status":"closed","template":"","meta":{"_et_pb_use_builder":"on","_et_pb_old_content":"","_et_gb_content_width":""},"_links":{"self":[{"href":"https:\/\/asturianista.es\/index.php\/wp-json\/wp\/v2\/pages\/15"}],"collection":[{"href":"https:\/\/asturianista.es\/index.php\/wp-json\/wp\/v2\/pages"}],"about":[{"href":"https:\/\/asturianista.es\/index.php\/wp-json\/wp\/v2\/types\/page"}],"author":[{"embeddable":true,"href":"https:\/\/asturianista.es\/index.php\/wp-json\/wp\/v2\/users\/1"}],"replies":[{"embeddable":true,"href":"https:\/\/asturianista.es\/index.php\/wp-json\/wp\/v2\/comments?post=15"}],"version-history":[{"count":21,"href":"https:\/\/asturianista.es\/index.php\/wp-json\/wp\/v2\/pages\/15\/revisions"}],"predecessor-version":[{"id":392,"href":"https:\/\/asturianista.es\/index.php\/wp-json\/wp\/v2\/pages\/15\/revisions\/392"}],"wp:attachment":[{"href":"https:\/\/asturianista.es\/index.php\/wp-json\/wp\/v2\/media?parent=15"}],"curies":[{"name":"wp","href":"https:\/\/api.w.org\/{rel}","templated":true}]}}