{"id":96,"date":"2019-08-24T11:03:11","date_gmt":"2019-08-24T11:03:11","guid":{"rendered":"http:\/\/asturianista.es\/?page_id=96"},"modified":"2019-08-24T11:03:11","modified_gmt":"2019-08-24T11:03:11","slug":"politica-de-cookies","status":"publish","type":"page","link":"http:\/\/asturianista.es\/index.php\/politica-de-cookies\/","title":{"rendered":"Pol\u00edtica de Cookies"},"content":{"rendered":"<p>[et_pb_section fb_built=\u00bb1&#8243; _builder_version=\u00bb3.26.6&#8243;][et_pb_row _builder_version=\u00bb3.26.6&#8243;][et_pb_column _builder_version=\u00bb3.26.6&#8243; type=\u00bb4_4&#8243;][et_pb_text _builder_version=\u00bb3.26.6&#8243;]<\/p>\n<p>POL\u00cdTICA DE COOKIES<br \/> En cumplimientu de la Llei 34\/2002, de 11 de xunetu, de Servicios de la Socied\u00e1 de la Informaci\u00f3n y Comerciu Electr\u00f3nicu, inform\u00e1mos-y de qu\u2019esti sitiu web, neto que la mayor\u00eda los sitios d\u2019intern\u00e9, usa Cookies pa meyorar y optimizar la experiencia l\u2019usuariu. Darr\u00e9u va atopar informaci\u00f3n detallada de qu\u00e9 son les \u201cCookies\u201d, qu\u00e9 triba utiliza esti sitiu web, c\u00f3mo camudar la configuraci\u00f3n de les sos cookies, y qu\u00e9 ocurre si deshabilita les cookies.<br \/> \u00bfQu\u00e9 son las Cookies?<br \/> Una cookie es un peque\u00f1o archivo que se descarga en el equipo del usuario con la finalidad de almacenar datos, los cuales podr\u00e1n ser actualizados y recuperados por la entidad responsable de su instalaci\u00f3n.<\/p>\n<p>&nbsp;<\/p>\n<p>\u00bfQu\u00e9 son les Cookies?<br \/> Una cookie ye un archiv\u00edn que se descarga nel equipu del usuariu cola finalid\u00e1 d\u2019atropar datos, los cualos pueden actualizase y recuperase pola entid\u00e1 responsable del so allugamientu.<\/p>\n<p>&nbsp;<\/p>\n<p>\u00bfQu\u00e9 triba de cookies emplega esta p\u00e1xina web?<br \/> Darr\u00e9u, asol\u00e9yase una tabla coles Cookies qu\u2019emplega esti sitiu web:<\/p>\n<p>&nbsp;<\/p>\n<table width=\"730\">\n<tbody>\n<tr>\n<td width=\"91\">\n<p><strong>DOMINIU<\/strong><\/p>\n<\/td>\n<td width=\"138\">\n<p><strong>NOME DE LA COOKIE<\/strong><\/p>\n<\/td>\n<td width=\"146\">\n<p><strong>DESCRIPCI\u00d3N<\/strong><strong>\u00a0\/ FINALID\u00c1<\/strong><\/p>\n<\/td>\n<td width=\"99\">\n<p><strong>PROVEEDOR<\/strong><\/p>\n<\/td>\n<td width=\"131\">\n<p><strong>CADUCID\u00c1<\/strong><\/p>\n<\/td>\n<\/tr>\n<tr>\n<td width=\"91\">\n<p>asturianista.es<\/p>\n<\/td>\n<td width=\"138\">\n<p>wfvt_989531471<\/p>\n<\/td>\n<td width=\"146\">\n<p>Segurid\u00e1<\/p>\n<\/td>\n<td width=\"99\">\n<p>Propia<\/p>\n<\/td>\n<td width=\"131\">\n<p>Sesi\u00f3n<\/p>\n<\/td>\n<\/tr>\n<tr>\n<td width=\"91\">\n<p>asturianista.es<\/p>\n<\/td>\n<td width=\"138\">\n<p>\u00a0wordfence_verifiedHuman<\/p>\n<\/td>\n<td width=\"146\">\n<p>Segurid\u00e1<\/p>\n<\/td>\n<td width=\"99\">\n<p>Propia<\/p>\n<\/td>\n<td width=\"131\">\n<p>\u00a01 d\u00eda<\/p>\n<\/td>\n<\/tr>\n<tr>\n<td width=\"91\">\n<p>asturianista.es<\/p>\n<\/td>\n<td width=\"138\">\n<p>\u00a0_ga<\/p>\n<\/td>\n<td width=\"146\">\n<p>\u00a0An\u00e1lisis<\/p>\n<\/td>\n<td width=\"99\">\n<p>Propia<\/p>\n<\/td>\n<td width=\"131\">\n<p>\u00a02 a\u00f1os<\/p>\n<\/td>\n<\/tr>\n<tr>\n<td width=\"91\">\n<p>asturianista.es<\/p>\n<\/td>\n<td width=\"138\">\n<p>\u00a0_gid<\/p>\n<\/td>\n<td width=\"146\">\n<p>An\u00e1lisis<\/p>\n<\/td>\n<td width=\"99\">\n<p>Propia<\/p>\n<\/td>\n<td width=\"131\">\n<p>10 minutos<\/p>\n<\/td>\n<\/tr>\n<tr>\n<td width=\"91\">\n<p>asturianista.es<\/p>\n<\/td>\n<td width=\"138\">\n<p>\u00a0_gat<\/p>\n<\/td>\n<td width=\"146\">\n<p>An\u00e1lisis<\/p>\n<\/td>\n<td width=\"99\">\n<p>Propia<\/p>\n<\/td>\n<td width=\"131\">\n<p>\u00a01 d\u00eda<\/p>\n<\/td>\n<\/tr>\n<tr>\n<td width=\"91\">\n<p>asturianista.es<\/p>\n<\/td>\n<td width=\"138\">\n<p>Google Analytics_utma _utmb _utmc _utmz<\/p>\n<\/td>\n<td width=\"146\">\n<p>Recoyer informaci\u00f3n sobre la navegaci\u00f3n de los usuarios pel sitiu, col porg\u00fceyu de conocer l\u2019orixe de les visites y otros datos asemeyaos a nivel estad\u00edsticu. Nun algama datos de los nomes o apell\u00edos de los usuarios nin de la direcci\u00f3n postal concreta dende onde se conecten.Google Analytics Centru de Privacid\u00e1 de Google<\/p>\n<\/td>\n<td width=\"99\">\n<p>De terceros<\/p>\n<\/td>\n<td width=\"131\"><\/td>\n<\/tr>\n<\/tbody>\n<\/table>\n<p>&nbsp;<\/p>\n<p>\u00bfC\u00f3mo puede configurar les sos Cookies?<br \/> Al navegar y continuar nel nuestru sitiu web va tar consintiendo l\u2019usu de les Cookies nes condiciones allugaes na presente Pol\u00edtica de Cookies. Vust\u00e9, como usuariu, tien la posibilid\u00e1 d\u2019exercer el so drechu a bloquear, esaniciar y rechazar l\u2019usu de Cookies siempre que-y pruya, modificando les opciones del so navegador.<br \/> 1. Intern\u00e9 Esplorer: Ferramientes&gt; Opciones d\u2019Intern\u00e9 &gt; Privacid\u00e1 &gt; Configuraci\u00f3n.<br \/> Pa m\u00e1s informaci\u00f3n, puede consultar el soporte de Microsoft o l\u2019Ayuda del navegador.<br \/> 2. Mozilla Firefox: Ferramientes &gt; Opciones &gt; Privacid\u00e1 &gt; Historial &gt; Configuraci\u00f3n personalizada.<br \/> Pa m\u00e1s informaci\u00f3n, puede consultar el soporte de Mozilla o l\u2019Ayuda del navegador.<br \/> 3. Google Chrome: Configuraci\u00f3n &gt; Mostrar opciones avanzaes &gt; Privacid\u00e1 &gt; Configuraci\u00f3n del conten\u00edu.<br \/> Pa m\u00e1s informaci\u00f3n, puede consultar el soporte de Google o l\u2019Ayuda del navegador.<\/p>\n<p>&nbsp;<\/p>\n<p>4. Safari: Preferencies &gt; Segurid\u00e1.<br \/> Pa m\u00e1s informaci\u00f3n, puede consultar el soporte d\u2019Apple o l\u2019Ayuda del navegador.<br \/> 5. Opera: Configuraci\u00f3n &gt; Opciones &gt; Avanz\u00e1u &gt; Cookies<br \/> Pa m\u00e1s informaci\u00f3n, puede consultar el soporte d\u2019Opera o l\u2019Ayuda del navegador.<br \/> Si emplega otru navegador estrem\u00e1u de los anteriores consulte la so pol\u00edtica d\u2019instalaci\u00f3n, usu y bloqueu de cookies.<\/p>\n<p>&nbsp;<\/p>\n<p>\u00bfQu\u00e9 ocurre si se deshabiliten les Cookies?<br \/> Delles funcionalidaes de los Servicios o estayes d\u2019esti sitiu web pod\u00eden nun funcionar correctamente.<\/p>\n<p>&nbsp;<\/p>\n<p>\u00bfActualizamos la nuestra pol\u00edtica de Cookies?<br \/> Ye posible qu\u2019actualicemos la pol\u00edtica de Cookies de la nuestra p\u00e1xina web, por ello recomend\u00e1mos-y revisar esta pol\u00edtica cada vegada qu\u2019acceda al nuestru sitiu web, col porg\u00fceyu de tar afaya\u00edzamente inform\u00e1u sobre c\u00f3mo y pa qu\u00e9 usamos les Cookies.<\/p>\n<p>&nbsp;<\/p>\n<p>[\/et_pb_text][\/et_pb_column][\/et_pb_row][\/et_pb_section]<\/p>\n","protected":false},"excerpt":{"rendered":"<p>POL\u00cdTICA DE COOKIES En cumplimientu de la Llei 34\/2002, de 11 de xunetu, de Servicios de la Socied\u00e1 de la Informaci\u00f3n y Comerciu Electr\u00f3nicu, inform\u00e1mos-y de qu\u2019esti sitiu web, neto que la mayor\u00eda los sitios d\u2019intern\u00e9, usa Cookies pa meyorar y optimizar la experiencia l\u2019usuariu. Darr\u00e9u va atopar informaci\u00f3n detallada de qu\u00e9 son les \u201cCookies\u201d, [&hellip;]<\/p>\n","protected":false},"author":2,"featured_media":0,"parent":0,"menu_order":0,"comment_status":"closed","ping_status":"closed","template":"","meta":{"_et_pb_use_builder":"on","_et_pb_old_content":"","_et_gb_content_width":""},"_links":{"self":[{"href":"http:\/\/asturianista.es\/index.php\/wp-json\/wp\/v2\/pages\/96"}],"collection":[{"href":"http:\/\/asturianista.es\/index.php\/wp-json\/wp\/v2\/pages"}],"about":[{"href":"http:\/\/asturianista.es\/index.php\/wp-json\/wp\/v2\/types\/page"}],"author":[{"embeddable":true,"href":"http:\/\/asturianista.es\/index.php\/wp-json\/wp\/v2\/users\/2"}],"replies":[{"embeddable":true,"href":"http:\/\/asturianista.es\/index.php\/wp-json\/wp\/v2\/comments?post=96"}],"version-history":[{"count":2,"href":"http:\/\/asturianista.es\/index.php\/wp-json\/wp\/v2\/pages\/96\/revisions"}],"predecessor-version":[{"id":99,"href":"http:\/\/asturianista.es\/index.php\/wp-json\/wp\/v2\/pages\/96\/revisions\/99"}],"wp:attachment":[{"href":"http:\/\/asturianista.es\/index.php\/wp-json\/wp\/v2\/media?parent=96"}],"curies":[{"name":"wp","href":"https:\/\/api.w.org\/{rel}","templated":true}]}}